{"id":29,"date":"2017-05-12T18:22:30","date_gmt":"2017-05-12T16:22:30","guid":{"rendered":"https:\/\/realtimecasa.it\/it\/?page_id=29"},"modified":"2023-10-18T16:53:40","modified_gmt":"2023-10-18T14:53:40","slug":"home-page-test","status":"publish","type":"page","link":"https:\/\/realtimecasa.it\/it\/","title":{"rendered":"Benvenuto in Real Time"},"content":{"rendered":"\n<div class=\"wp-block-group\"><div class=\"wp-block-group__inner-container is-layout-flow wp-block-group-is-layout-flow\">\n<hr class=\"wp-block-separator has-css-opacity\"\/>\n\n\n\n\t\t<!-- MasterSlider -->\n\t\t<div id=\"P_MS69f5608681e74\" class=\"master-slider-parent msl ms-parent-id-5\" style=\"\">\n\n\t\t\t\n\t\t\t<!-- MasterSlider Main -->\n\t\t\t<div id=\"MS69f5608681e74\" class=\"master-slider ms-skin-light-6 round-skin\" >\n\t\t\t\t \t\t\t\t \n\t\t\t\t<div  class=\"ms-slide\" data-delay=\"3\" data-fill-mode=\"fill\"  >\n\t\t\t\t\t<img decoding=\"async\" src=\"https:\/\/realtimecasa.it\/it\/wp-content\/plugins\/master-slider\/public\/assets\/css\/blank.gif\" alt=\"\" title=\"\" data-src=\"https:\/\/realtimecasa.it\/it\/wp-content\/uploads\/2023\/10\/cropped-slide7-1700x700-1.jpg\" \/>\n\n\n\t<div class=\"ms-thumb\" ><div class=\"ms-tab-context\"><div class=\"&quot;ms-tab-context&quot;\"><\/div><\/div>\n<\/div>\n\t\t\t\t<\/div>\n\t\t\t\t<div  class=\"ms-slide\" data-delay=\"3\" data-fill-mode=\"fill\"  >\n\t\t\t\t\t<img decoding=\"async\" src=\"https:\/\/realtimecasa.it\/it\/wp-content\/plugins\/master-slider\/public\/assets\/css\/blank.gif\" alt=\"\" title=\"\" data-src=\"https:\/\/realtimecasa.it\/it\/wp-content\/uploads\/2023\/10\/Task-Lighting-1186511.jpg\" \/>\n\n\n\t<div class=\"ms-thumb\" ><div class=\"ms-tab-context\"><div class=\"&quot;ms-tab-context&quot;\"><\/div><\/div>\n<\/div>\n\t\t\t\t<\/div>\n\t\t\t\t<div  class=\"ms-slide\" data-delay=\"3\" data-fill-mode=\"fill\"  >\n\t\t\t\t\t<img decoding=\"async\" src=\"https:\/\/realtimecasa.it\/it\/wp-content\/plugins\/master-slider\/public\/assets\/css\/blank.gif\" alt=\"\" title=\"\" data-src=\"https:\/\/realtimecasa.it\/it\/wp-content\/uploads\/2017\/07\/camera_cross_chab_1_1.jpg\" \/>\n\n\n\t<div class=\"ms-thumb\" ><div class=\"ms-tab-context\"><div class=\"&quot;ms-tab-context&quot;\"><\/div><\/div>\n<\/div>\n\t\t\t\t<\/div>\n\t\t\t\t<div  class=\"ms-slide\" data-delay=\"3\" data-fill-mode=\"fill\"  >\n\t\t\t\t\t<img decoding=\"async\" src=\"https:\/\/realtimecasa.it\/it\/wp-content\/plugins\/master-slider\/public\/assets\/css\/blank.gif\" alt=\"\" title=\"\" data-src=\"https:\/\/realtimecasa.it\/it\/wp-content\/uploads\/2017\/06\/ita-315.jpg\" \/>\n\n\n\t<div class=\"ms-thumb\" ><div class=\"ms-tab-context\"><div class=\"&quot;ms-tab-context&quot;\"><\/div><\/div>\n<\/div>\n\t\t\t\t<\/div>\n\n\t\t\t<\/div>\n\t\t\t<!-- END MasterSlider Main -->\n\n\t\t\t \n\t\t<\/div>\n\t\t<!-- END MasterSlider -->\n\n\t\t<script>\n\t\t(function ( $ ) {\n\t\t\t\"use strict\";\n\n\t\t\t$(function () {\n\t\t\t\tvar masterslider_1e74 = new MasterSlider();\n\n\t\t\t\t\/\/ slider controls\n\n\t\t\t\t\/\/ slider setup\n\t\t\t\tmasterslider_1e74.setup(\"MS69f5608681e74\", {\n\t\t\t\t\t\twidth           : 1920,\n\t\t\t\t\t\theight          : 850,\n\t\t\t\t\t\tminHeight       : 0,\n\t\t\t\t\t\tspace           : 0,\n\t\t\t\t\t\tstart           : 4,\n\t\t\t\t\t\tgrabCursor      : true,\n\t\t\t\t\t\tswipe           : true,\n\t\t\t\t\t\tmouse           : true,\n\t\t\t\t\t\tlayout          : \"fullwidth\",\n\t\t\t\t\t\twheel           : false,\n\t\t\t\t\t\tautoplay        : true,\n\t\t\t\t\t\tinstantStartLayers:false,\n\t\t\t\t\t\tloop            : true,\n\t\t\t\t\t\tshuffle         : false,\n\t\t\t\t\t\tpreload         : 0,\n\t\t\t\t\t\theightLimit     : true,\n\t\t\t\t\t\tautoHeight      : false,\n\t\t\t\t\t\tsmoothHeight    : true,\n\t\t\t\t\t\tendPause        : false,\n\t\t\t\t\t\toverPause       : true,\n\t\t\t\t\t\tfillMode        : \"fill\",\n\t\t\t\t\t\tcenterControls  : false,\n\t\t\t\t\t\tstartOnAppear   : false,\n\t\t\t\t\t\tlayersMode      : \"center\",\n\t\t\t\t\t\thideLayers      : false,\n\t\t\t\t\t\tfullscreenMargin: 0,\n\t\t\t\t\t\tspeed           : 3,\n\t\t\t\t\t\tdir             : \"h\",\n\t\t\t\t\t\tparallaxMode    : 'swipe',\n\t\t\t\t\t\tview            : \"fade\"\n\t\t\t\t});\n\n\t\t\t\t\n\t\t\t\twindow.masterslider_instances = window.masterslider_instances || [];\n\t\t\t\twindow.masterslider_instances.push( masterslider_1e74 );\n\t\t\t });\n\n\t\t})(jQuery);\n\t\t<\/script>\n\n\n\n\n\n<hr class=\"wp-block-separator has-css-opacity\"\/>\n\n\n\n<h1 class=\"wp-block-heading has-text-align-center\"><span style=\"color: #800000;\">Perch\u00e8 scegliere Real Time?<\/span><\/h1>\n\n\n<div class=\"wp-block-image\">\n<figure class=\"aligncenter size-large\"><img loading=\"lazy\" decoding=\"async\" width=\"810\" height=\"539\" src=\"https:\/\/realtimecasa.it\/it\/wp-content\/uploads\/2021\/09\/realtime1-e1630917951632-edited-1.jpg\" alt=\"\" class=\"wp-image-1765\" srcset=\"https:\/\/realtimecasa.it\/it\/wp-content\/uploads\/2021\/09\/realtime1-e1630917951632-edited-1.jpg 810w, https:\/\/realtimecasa.it\/it\/wp-content\/uploads\/2021\/09\/realtime1-e1630917951632-edited-1-300x200.jpg 300w, https:\/\/realtimecasa.it\/it\/wp-content\/uploads\/2021\/09\/realtime1-e1630917951632-edited-1-768x511.jpg 768w, https:\/\/realtimecasa.it\/it\/wp-content\/uploads\/2021\/09\/realtime1-e1630917951632-edited-1-272x182.jpg 272w\" sizes=\"auto, (max-width: 810px) 100vw, 810px\" \/><\/figure><\/div>\n\n\n<p class=\"has-text-align-center\"><strong>L&#8217;arredamento \u00e8 far coincidere le esigenze con i desideri,<\/strong> \u00e8 dare la giusta risposta ai clienti che vogliono vedere riflessa nella loro casa la propria personalit\u00e0. Real Time, da oltre un decennio, \u00e8 attenta a soddisfare tutte le necessit\u00e0 dei suoi clienti, ponendoli al centro di una attenta progettazione e soddisfacendo le aspirazioni del quotidiano, con stile e carattere.<\/p>\n\n\n\n<hr class=\"wp-block-separator has-css-opacity\"\/>\n\n\n<div class='content-column one_half'><div style=\"text-align: center;\"><a href=\"https:\/\/realtimecasa.it\/it\/portfolio_categories\/cucine\/\"><br \/>\n<img loading=\"lazy\" decoding=\"async\" src=\"https:\/\/realtimecasa.it\/it\/wp-content\/uploads\/2017\/05\/village-300x300.png\" alt=\"\" width=\"120\" height=\"120\"><br \/>\n<\/a><\/p>\n<h1><span style=\"color: #800000;\">Collezioni<\/span><\/h1>\n<\/div>\n<p style=\"text-align: justified;\">Selezionando prodotti e fornitori <strong>Real Time<\/strong> offre un panorama di servizi che partendo da una scelta stilistica passa attraverso la rilevazione delle misure, la progettazione accurata di tutti i dettagli fino alla realizzazione quasi \u201csartoriale\u201d di ogni ambiente, comprendendo anche la ristrutturazione se necessario.<\/p>\n<p style=\"text-align: justified;\">Qualunque sia il vostro stile preferito, moderno o classico, etnico o shabby, fino alle ultime tendenze industrial, <strong>Real Time<\/strong> mette a disposizione una vasta gamma di proposte, selezionate e prodotte da marchi italiani.<\/p><\/div>\n\n\n<div class='content-column one_half'><div style=\"text-align: center;\"><a href=\"https:\/\/realtimecasa.it\/it\/servizi\"><br \/>\n<img loading=\"lazy\" decoding=\"async\" src=\"https:\/\/realtimecasa.it\/it\/wp-content\/uploads\/2017\/05\/trapano_verde.png\" alt=\"\" width=\"120\" height=\"120\"><br \/>\n<\/a><\/p>\n<h1><span style=\"color: #800000;\">Ristrutturazioni<\/span><\/h1>\n<\/div>\n<p style=\"text-align: left;\">La ristrutturazione \u00e8 la fase che comporta le scelte pi\u00f9 importanti e difficili, in cui bisogna affrontare molteplici aspetti, scegliere quali trasformazioni apportare all\u2019immobile o semplicemente alla stanza che si desidera ristrutturare.<\/p>\n<p style=\"text-align: left;\">\n<p style=\"text-align: left;\"><strong>Real Time<\/strong> mette voi, come clienti, al centro della progettazione 3d dell&#8217;ambiente, e dopo la valutazione di fattibilit\u00e0 delle vostre idee si potr\u00e0 passare, grazie all&#8217;aiuto dei nostri progettisti, alla stesura del progetto e del capitolato dei lavori oppure al preventivo per la fornitura dei vostri mobili.<\/p><\/div>\n\n\n<div class='content-column one_half'><div style=\"text-align: center;\"><a href=\"https:\/\/realtimecasa.it\/it\/servizi\"><br \/>\n<img loading=\"lazy\" decoding=\"async\" src=\"https:\/\/realtimecasa.it\/it\/wp-content\/uploads\/2017\/05\/handshake_marrone.png\" alt=\"\" width=\"120\" height=\"120\"><br \/>\n<\/a><\/p>\n<h1><span style=\"color: #800000;\">Servizi personalizzati<\/span><\/h1>\n<\/div>\n<p style=\"text-align: left;\"><strong>Real Time<\/strong>, da oltre un decennio, \u00e8 attenta a soddisfare tutte le<br \/>\n necessit\u00e0 dei suoi clienti, ponendoli al centro di una attenta progettazione e soddisfacendo l<br \/>\ne aspirazioni del quotidiano.<\/p>\n<p style=\"text-align: left;\"><strong>Real Time<\/strong> \u00e8 anche in grado di proporre altri servizi personalizzati, come formule di investimento tra le pi\u00f9 vantaggiose offerte dal mercato, ed anche finanziamenti<br \/>\nflessibili che possano dilazionare l\u2019acquisto in 12, 24 o 36 mesi, con comodo<br \/>\naddebito in banca senza file agli sportelli.<\/p><\/div>\n\n\n<div class='content-column one_half'><div style=\"text-align: center;\"><a href=\"https:\/\/realtimecasa.it\/it\/servizi\"><br \/>\n<img loading=\"lazy\" decoding=\"async\" src=\"https:\/\/realtimecasa.it\/it\/wp-content\/uploads\/2017\/05\/SERVIZI_3.png\" alt=\"\" width=\"120\" height=\"120\"><br \/>\n<\/a><\/p>\n<h1><span style=\"color: #800000;\">Sopralluogo e rilievo misure<\/span><\/h1>\n<\/div>\n<p style=\"text-align: left;\">   Si comincia con la visita del progettista che analizza la fattibilit\u00e0 dell\u2019idea presentata dal cliente e ne valuta le eventuali modifiche.<\/p>\n<p style=\"text-align: left;\">A seguito di questa fase si effettua un rilievo delle misure e inizia la stesura del progetto e del capitolato dei lavori o semplicemente il preventivo per i mobili.<br \/>\nFondamentale per Real Time \u00e8 il cliente. Egli viene messo al centro di un dialogo che porta il progettista ad affrontare ogni tematica e ogni possibile alternativaper il Tuo progetto.<\/p><\/div>\n<\/div><\/div>\n\n\n\n<div class=\"wp-block-group\"><div class=\"wp-block-group__inner-container is-layout-flow wp-block-group-is-layout-flow\">\n<div class=\"wp-block-columns are-vertically-aligned-center is-layout-flex wp-container-core-columns-is-layout-9d6595d7 wp-block-columns-is-layout-flex\">\n<div class=\"wp-block-column is-vertically-aligned-center is-layout-flow wp-block-column-is-layout-flow\" style=\"flex-basis:100%\"><div class='content-column one_half'><div id=\"fb-root\"><\/div>\n            <script>(function(d, s, id) {\n              var js, fjs = d.getElementsByTagName(s)[0];\n              if (d.getElementById(id)) return;\n              js = d.createElement(s); js.id = id;\n              js.async=true; \n              js.src = \"\/\/connect.facebook.net\/it_IT\/all.js#xfbml=1&appId=395202813876688\";\n              fjs.parentNode.insertBefore(js, fjs);\n            }(document, 'script', 'facebook-jssdk'));<\/script> <div class=\"efbl-like-box 1\">\n                  <div class=\"fb-page\" data-animclass=\"fadeIn\" data-href=\"https:\/\/www.facebook.com\/realtimecasa\" data-hide-cover=\"true\" data-width=\"550\"   data-height=\"850\" data-show-facepile=false  data-show-posts=true data-adapt-container-width=true data-hide-cta=true data-small-header=\"false\">\n                  <\/div> \n                  \n               <\/div>\n            <\/div>\n<\/div>\n<\/div>\n\n\n\n<div class=\"wp-block-columns are-vertically-aligned-center is-layout-flex wp-container-core-columns-is-layout-9d6595d7 wp-block-columns-is-layout-flex\">\n<div class=\"wp-block-column is-vertically-aligned-center is-layout-flow wp-block-column-is-layout-flow\" style=\"flex-basis:100%\"><\/div>\n<\/div>\n<\/div><\/div>\n","protected":false},"excerpt":{"rendered":"<p>Perch\u00e8 scegliere Real Time? L&#8217;arredamento \u00e8 far coincidere le esigenze con i desideri, \u00e8 dare la giusta risposta ai clienti che vogliono vedere riflessa nella loro casa la propria personalit\u00e0. Real Time, da oltre un decennio, \u00e8 attenta a soddisfare tutte le necessit\u00e0 dei suoi clienti, ponendoli al centro di<\/p>\n","protected":false},"author":1,"featured_media":0,"parent":0,"menu_order":0,"comment_status":"closed","ping_status":"closed","template":"","meta":{"footnotes":""},"class_list":["post-29","page","type-page","status-publish","hentry"],"yoast_head":"<!-- This site is optimized with the Yoast SEO plugin v27.5 - https:\/\/yoast.com\/product\/yoast-seo-wordpress\/ -->\n<title>Benvenuto in Real Time - Real Time Casa<\/title>\n<meta name=\"robots\" content=\"index, follow, max-snippet:-1, max-image-preview:large, max-video-preview:-1\" \/>\n<link rel=\"canonical\" href=\"https:\/\/realtimecasa.it\/it\/\" \/>\n<meta property=\"og:locale\" content=\"it_IT\" \/>\n<meta property=\"og:type\" content=\"article\" \/>\n<meta property=\"og:title\" content=\"Benvenuto in Real Time - Real Time Casa\" \/>\n<meta property=\"og:description\" content=\"Perch\u00e8 scegliere Real Time? L&#8217;arredamento \u00e8 far coincidere le esigenze con i desideri, \u00e8 dare la giusta risposta ai clienti che vogliono vedere riflessa nella loro casa la propria personalit\u00e0. Real Time, da oltre un decennio, \u00e8 attenta a soddisfare tutte le necessit\u00e0 dei suoi clienti, ponendoli al centro di\" \/>\n<meta property=\"og:url\" content=\"https:\/\/realtimecasa.it\/it\/\" \/>\n<meta property=\"og:site_name\" content=\"Real Time Casa\" \/>\n<meta property=\"article:modified_time\" content=\"2023-10-18T14:53:40+00:00\" \/>\n<meta property=\"og:image\" content=\"https:\/\/realtimecasa.it\/it\/wp-content\/uploads\/2021\/09\/realtime1-e1630917951632-edited-1.jpg\" \/>\n<meta name=\"twitter:card\" content=\"summary_large_image\" \/>\n<meta name=\"twitter:label1\" content=\"Tempo di lettura stimato\" \/>\n\t<meta name=\"twitter:data1\" content=\"3 minuti\" \/>\n<script type=\"application\/ld+json\" class=\"yoast-schema-graph\">{\"@context\":\"https:\\\/\\\/schema.org\",\"@graph\":[{\"@type\":\"WebPage\",\"@id\":\"https:\\\/\\\/realtimecasa.it\\\/it\\\/\",\"url\":\"https:\\\/\\\/realtimecasa.it\\\/it\\\/\",\"name\":\"Benvenuto in Real Time - Real Time Casa\",\"isPartOf\":{\"@id\":\"https:\\\/\\\/realtimecasa.it\\\/it\\\/#website\"},\"primaryImageOfPage\":{\"@id\":\"https:\\\/\\\/realtimecasa.it\\\/it\\\/#primaryimage\"},\"image\":{\"@id\":\"https:\\\/\\\/realtimecasa.it\\\/it\\\/#primaryimage\"},\"thumbnailUrl\":\"https:\\\/\\\/realtimecasa.it\\\/it\\\/wp-content\\\/uploads\\\/2021\\\/09\\\/realtime1-e1630917951632-edited-1.jpg\",\"datePublished\":\"2017-05-12T16:22:30+00:00\",\"dateModified\":\"2023-10-18T14:53:40+00:00\",\"breadcrumb\":{\"@id\":\"https:\\\/\\\/realtimecasa.it\\\/it\\\/#breadcrumb\"},\"inLanguage\":\"it-IT\",\"potentialAction\":[{\"@type\":\"ReadAction\",\"target\":[\"https:\\\/\\\/realtimecasa.it\\\/it\\\/\"]}]},{\"@type\":\"ImageObject\",\"inLanguage\":\"it-IT\",\"@id\":\"https:\\\/\\\/realtimecasa.it\\\/it\\\/#primaryimage\",\"url\":\"https:\\\/\\\/realtimecasa.it\\\/it\\\/wp-content\\\/uploads\\\/2021\\\/09\\\/realtime1-e1630917951632-edited-1.jpg\",\"contentUrl\":\"https:\\\/\\\/realtimecasa.it\\\/it\\\/wp-content\\\/uploads\\\/2021\\\/09\\\/realtime1-e1630917951632-edited-1.jpg\",\"width\":810,\"height\":539},{\"@type\":\"BreadcrumbList\",\"@id\":\"https:\\\/\\\/realtimecasa.it\\\/it\\\/#breadcrumb\",\"itemListElement\":[{\"@type\":\"ListItem\",\"position\":1,\"name\":\"Home\",\"item\":\"https:\\\/\\\/realtimecasa.it\\\/it\\\/\"},{\"@type\":\"ListItem\",\"position\":2,\"name\":\"Benvenuto in Real Time\"}]},{\"@type\":\"WebSite\",\"@id\":\"https:\\\/\\\/realtimecasa.it\\\/it\\\/#website\",\"url\":\"https:\\\/\\\/realtimecasa.it\\\/it\\\/\",\"name\":\"Real Time Casa\",\"description\":\"Dai valore ai tuoi spazi \u2013 arredamento di alta qualit\u00e0\",\"potentialAction\":[{\"@type\":\"SearchAction\",\"target\":{\"@type\":\"EntryPoint\",\"urlTemplate\":\"https:\\\/\\\/realtimecasa.it\\\/it\\\/?s={search_term_string}\"},\"query-input\":{\"@type\":\"PropertyValueSpecification\",\"valueRequired\":true,\"valueName\":\"search_term_string\"}}],\"inLanguage\":\"it-IT\"}]}<\/script>\n<!-- \/ Yoast SEO plugin. -->","yoast_head_json":{"title":"Benvenuto in Real Time - Real Time Casa","robots":{"index":"index","follow":"follow","max-snippet":"max-snippet:-1","max-image-preview":"max-image-preview:large","max-video-preview":"max-video-preview:-1"},"canonical":"https:\/\/realtimecasa.it\/it\/","og_locale":"it_IT","og_type":"article","og_title":"Benvenuto in Real Time - Real Time Casa","og_description":"Perch\u00e8 scegliere Real Time? L&#8217;arredamento \u00e8 far coincidere le esigenze con i desideri, \u00e8 dare la giusta risposta ai clienti che vogliono vedere riflessa nella loro casa la propria personalit\u00e0. Real Time, da oltre un decennio, \u00e8 attenta a soddisfare tutte le necessit\u00e0 dei suoi clienti, ponendoli al centro di","og_url":"https:\/\/realtimecasa.it\/it\/","og_site_name":"Real Time Casa","article_modified_time":"2023-10-18T14:53:40+00:00","og_image":[{"url":"https:\/\/realtimecasa.it\/it\/wp-content\/uploads\/2021\/09\/realtime1-e1630917951632-edited-1.jpg","type":"","width":"","height":""}],"twitter_card":"summary_large_image","twitter_misc":{"Tempo di lettura stimato":"3 minuti"},"schema":{"@context":"https:\/\/schema.org","@graph":[{"@type":"WebPage","@id":"https:\/\/realtimecasa.it\/it\/","url":"https:\/\/realtimecasa.it\/it\/","name":"Benvenuto in Real Time - Real Time Casa","isPartOf":{"@id":"https:\/\/realtimecasa.it\/it\/#website"},"primaryImageOfPage":{"@id":"https:\/\/realtimecasa.it\/it\/#primaryimage"},"image":{"@id":"https:\/\/realtimecasa.it\/it\/#primaryimage"},"thumbnailUrl":"https:\/\/realtimecasa.it\/it\/wp-content\/uploads\/2021\/09\/realtime1-e1630917951632-edited-1.jpg","datePublished":"2017-05-12T16:22:30+00:00","dateModified":"2023-10-18T14:53:40+00:00","breadcrumb":{"@id":"https:\/\/realtimecasa.it\/it\/#breadcrumb"},"inLanguage":"it-IT","potentialAction":[{"@type":"ReadAction","target":["https:\/\/realtimecasa.it\/it\/"]}]},{"@type":"ImageObject","inLanguage":"it-IT","@id":"https:\/\/realtimecasa.it\/it\/#primaryimage","url":"https:\/\/realtimecasa.it\/it\/wp-content\/uploads\/2021\/09\/realtime1-e1630917951632-edited-1.jpg","contentUrl":"https:\/\/realtimecasa.it\/it\/wp-content\/uploads\/2021\/09\/realtime1-e1630917951632-edited-1.jpg","width":810,"height":539},{"@type":"BreadcrumbList","@id":"https:\/\/realtimecasa.it\/it\/#breadcrumb","itemListElement":[{"@type":"ListItem","position":1,"name":"Home","item":"https:\/\/realtimecasa.it\/it\/"},{"@type":"ListItem","position":2,"name":"Benvenuto in Real Time"}]},{"@type":"WebSite","@id":"https:\/\/realtimecasa.it\/it\/#website","url":"https:\/\/realtimecasa.it\/it\/","name":"Real Time Casa","description":"Dai valore ai tuoi spazi \u2013 arredamento di alta qualit\u00e0","potentialAction":[{"@type":"SearchAction","target":{"@type":"EntryPoint","urlTemplate":"https:\/\/realtimecasa.it\/it\/?s={search_term_string}"},"query-input":{"@type":"PropertyValueSpecification","valueRequired":true,"valueName":"search_term_string"}}],"inLanguage":"it-IT"}]}},"_links":{"self":[{"href":"https:\/\/realtimecasa.it\/it\/wp-json\/wp\/v2\/pages\/29","targetHints":{"allow":["GET"]}}],"collection":[{"href":"https:\/\/realtimecasa.it\/it\/wp-json\/wp\/v2\/pages"}],"about":[{"href":"https:\/\/realtimecasa.it\/it\/wp-json\/wp\/v2\/types\/page"}],"author":[{"embeddable":true,"href":"https:\/\/realtimecasa.it\/it\/wp-json\/wp\/v2\/users\/1"}],"replies":[{"embeddable":true,"href":"https:\/\/realtimecasa.it\/it\/wp-json\/wp\/v2\/comments?post=29"}],"version-history":[{"count":128,"href":"https:\/\/realtimecasa.it\/it\/wp-json\/wp\/v2\/pages\/29\/revisions"}],"predecessor-version":[{"id":1831,"href":"https:\/\/realtimecasa.it\/it\/wp-json\/wp\/v2\/pages\/29\/revisions\/1831"}],"wp:attachment":[{"href":"https:\/\/realtimecasa.it\/it\/wp-json\/wp\/v2\/media?parent=29"}],"curies":[{"name":"wp","href":"https:\/\/api.w.org\/{rel}","templated":true}]}}